{"id":2770,"date":"2022-09-26T11:45:01","date_gmt":"2022-09-26T11:45:01","guid":{"rendered":"https:\/\/demo.easybox.com\/blog\/"},"modified":"2023-12-20T21:02:13","modified_gmt":"2023-12-20T21:02:13","slug":"blog","status":"publish","type":"page","link":"https:\/\/www.easybox.com\/fr\/blog\/","title":{"rendered":"Blog"},"content":{"rendered":"\t\t<div data-elementor-type=\"wp-page\" data-elementor-id=\"2770\" class=\"elementor elementor-2770 elementor-1745\" data-elementor-post-type=\"page\">\n\t\t\t\t\t\t<section class=\"elementor-section elementor-top-section elementor-element elementor-element-26ac22c3 elementor-section-height-min-height elementor-section-items-stretch elementor-section-boxed elementor-section-height-default\" data-id=\"26ac22c3\" data-element_type=\"section\" data-settings=\"{&quot;background_background&quot;:&quot;classic&quot;}\">\n\t\t\t\t\t\t<div class=\"elementor-container elementor-column-gap-default\">\n\t\t\t\t\t<div class=\"elementor-column elementor-col-50 elementor-top-column elementor-element elementor-element-50479fb9 elementor-invisible\" data-id=\"50479fb9\" data-element_type=\"column\" data-settings=\"{&quot;animation&quot;:&quot;fadeIn&quot;}\">\n\t\t\t<div class=\"elementor-widget-wrap elementor-element-populated\">\n\t\t\t\t\t\t<div class=\"elementor-element elementor-element-303ea184 elementor-widget-tablet__width-initial elementor-widget elementor-widget-heading\" data-id=\"303ea184\" data-element_type=\"widget\" data-widget_type=\"heading.default\">\n\t\t\t\t<div class=\"elementor-widget-container\">\n\t\t\t\t\t<h1 class=\"elementor-heading-title elementor-size-default\">Blog<\/h1>\t\t\t\t<\/div>\n\t\t\t\t<\/div>\n\t\t\t\t\t<\/div>\n\t\t<\/div>\n\t\t\t\t<div class=\"elementor-column elementor-col-50 elementor-top-column elementor-element elementor-element-53dd60cf\" data-id=\"53dd60cf\" data-element_type=\"column\">\n\t\t\t<div class=\"elementor-widget-wrap\">\n\t\t\t\t\t\t\t<\/div>\n\t\t<\/div>\n\t\t\t\t\t<\/div>\n\t\t<\/section>\n\t\t\t\t<section class=\"elementor-section elementor-top-section elementor-element elementor-element-4a132c8a elementor-section-boxed elementor-section-height-default elementor-section-height-default\" data-id=\"4a132c8a\" data-element_type=\"section\">\n\t\t\t\t\t\t<div class=\"elementor-container elementor-column-gap-default\">\n\t\t\t\t\t<div class=\"elementor-column elementor-col-50 elementor-top-column elementor-element elementor-element-e9236c8\" data-id=\"e9236c8\" data-element_type=\"column\">\n\t\t\t<div class=\"elementor-widget-wrap elementor-element-populated\">\n\t\t\t\t\t\t<section class=\"elementor-section elementor-inner-section elementor-element elementor-element-353e6771 elementor-section-boxed elementor-section-height-default elementor-section-height-default\" data-id=\"353e6771\" data-element_type=\"section\">\n\t\t\t\t\t\t<div class=\"elementor-container elementor-column-gap-default\">\n\t\t\t\t\t<div class=\"elementor-column elementor-col-100 elementor-inner-column elementor-element elementor-element-ef6fa53\" data-id=\"ef6fa53\" data-element_type=\"column\" data-settings=\"{&quot;background_background&quot;:&quot;classic&quot;}\">\n\t\t\t<div class=\"elementor-widget-wrap elementor-element-populated\">\n\t\t\t\t\t\t<div class=\"elementor-element elementor-element-5b1485c6 elementor-widget elementor-widget-heading\" data-id=\"5b1485c6\" data-element_type=\"widget\" data-widget_type=\"heading.default\">\n\t\t\t\t<div class=\"elementor-widget-container\">\n\t\t\t\t\t<p class=\"elementor-heading-title elementor-size-default\">Cat\u00e9gories<\/p>\t\t\t\t<\/div>\n\t\t\t\t<\/div>\n\t\t\t\t\t<\/div>\n\t\t<\/div>\n\t\t\t\t\t<\/div>\n\t\t<\/section>\n\t\t\t\t<section class=\"elementor-section elementor-inner-section elementor-element elementor-element-5b4c6f8d elementor-hidden-mobile elementor-section-boxed elementor-section-height-default elementor-section-height-default\" data-id=\"5b4c6f8d\" data-element_type=\"section\">\n\t\t\t\t\t\t<div class=\"elementor-container elementor-column-gap-default\">\n\t\t\t\t\t<div class=\"elementor-column elementor-col-100 elementor-inner-column elementor-element elementor-element-6c812301\" data-id=\"6c812301\" data-element_type=\"column\" data-settings=\"{&quot;background_background&quot;:&quot;classic&quot;}\">\n\t\t\t<div class=\"elementor-widget-wrap elementor-element-populated\">\n\t\t\t\t\t\t<div class=\"elementor-element elementor-element-5450ba5c elementor-widget elementor-widget-heading\" data-id=\"5450ba5c\" data-element_type=\"widget\" data-widget_type=\"heading.default\">\n\t\t\t\t<div class=\"elementor-widget-container\">\n\t\t\t\t\t<p class=\"elementor-heading-title elementor-size-default\">Meilleurs articles<\/p>\t\t\t\t<\/div>\n\t\t\t\t<\/div>\n\t\t\t\t\t<\/div>\n\t\t<\/div>\n\t\t\t\t\t<\/div>\n\t\t<\/section>\n\t\t\t\t\t<\/div>\n\t\t<\/div>\n\t\t\t\t<div class=\"elementor-column elementor-col-50 elementor-top-column elementor-element elementor-element-1470dd6a elementor-invisible\" data-id=\"1470dd6a\" data-element_type=\"column\" data-settings=\"{&quot;animation&quot;:&quot;fadeIn&quot;}\">\n\t\t\t<div class=\"elementor-widget-wrap elementor-element-populated\">\n\t\t\t\t\t\t<div class=\"elementor-element elementor-element-33df8acf elementor-grid-2 elementor-grid-tablet-2 elementor-grid-mobile-1 elementor-posts--thumbnail-top elementor-card-shadow-yes elementor-posts__hover-gradient elementor-widget elementor-widget-posts\" data-id=\"33df8acf\" data-element_type=\"widget\" id=\"posts-grid-blog\" data-settings=\"{&quot;cards_columns&quot;:&quot;2&quot;,&quot;pagination_type&quot;:&quot;load_more_infinite_scroll&quot;,&quot;cards_columns_tablet&quot;:&quot;2&quot;,&quot;cards_columns_mobile&quot;:&quot;1&quot;,&quot;cards_row_gap&quot;:{&quot;unit&quot;:&quot;px&quot;,&quot;size&quot;:35,&quot;sizes&quot;:[]},&quot;cards_row_gap_tablet&quot;:{&quot;unit&quot;:&quot;px&quot;,&quot;size&quot;:&quot;&quot;,&quot;sizes&quot;:[]},&quot;cards_row_gap_mobile&quot;:{&quot;unit&quot;:&quot;px&quot;,&quot;size&quot;:&quot;&quot;,&quot;sizes&quot;:[]},&quot;load_more_spinner&quot;:{&quot;value&quot;:&quot;fas fa-spinner&quot;,&quot;library&quot;:&quot;fa-solid&quot;}}\" data-widget_type=\"posts.cards\">\n\t\t\t\t<div class=\"elementor-widget-container\">\n\t\t\t\t\t\t\t<div class=\"elementor-posts-container elementor-posts elementor-posts--skin-cards elementor-grid\" role=\"list\">\n\t\t\t\t<article class=\"elementor-post elementor-grid-item post-5686 post type-post status-publish format-standard has-post-thumbnail hentry category-focus-sur-les-fonctionnalites\" role=\"listitem\">\n\t\t\t<div class=\"elementor-post__card\">\n\t\t\t\t<a class=\"elementor-post__thumbnail__link\" href=\"https:\/\/www.easybox.com\/fr\/logiciel-de-facturation-mobile-facturer-en-deplacement\/\" tabindex=\"-1\"><div class=\"elementor-post__thumbnail\"><img fetchpriority=\"high\" decoding=\"async\" width=\"1920\" height=\"1080\" src=\"https:\/\/www.easybox.com\/wp-content\/uploads\/2023\/12\/shutterstock_1901378431.jpg\" class=\"attachment-full size-full wp-image-5648\" alt=\"\" srcset=\"https:\/\/www.easybox.com\/wp-content\/uploads\/2023\/12\/shutterstock_1901378431.jpg 1920w, https:\/\/www.easybox.com\/wp-content\/uploads\/2023\/12\/shutterstock_1901378431-300x169.jpg 300w, https:\/\/www.easybox.com\/wp-content\/uploads\/2023\/12\/shutterstock_1901378431-1024x576.jpg 1024w, https:\/\/www.easybox.com\/wp-content\/uploads\/2023\/12\/shutterstock_1901378431-768x432.jpg 768w, https:\/\/www.easybox.com\/wp-content\/uploads\/2023\/12\/shutterstock_1901378431-1536x864.jpg 1536w\" sizes=\"(max-width: 1920px) 100vw, 1920px\" title=\"\"><\/div><\/a>\n\t\t\t\t<div class=\"elementor-post__badge\">Focus sur les fonctionnalit\u00e9s<\/div>\n\t\t\t\t<div class=\"elementor-post__text\">\n\t\t\t\t<h3 class=\"elementor-post__title\">\n\t\t\t<a href=\"https:\/\/www.easybox.com\/fr\/logiciel-de-facturation-mobile-facturer-en-deplacement\/\">\n\t\t\t\tLogiciel de facturation mobile : facturer en d\u00e9placement\t\t\t<\/a>\n\t\t<\/h3>\n\t\t\t\t<div class=\"elementor-post__excerpt\">\n\t\t\t<p>Logiciel de facturation mobile : facturer en d\u00e9placement Que vous soyez un freelance dynamique traitant avec une vari\u00e9t\u00e9 de clients<\/p>\n\t\t<\/div>\n\t\t\t\t\t<div class=\"elementor-post__read-more-wrapper\">\n\t\t\n\t\t<a class=\"elementor-post__read-more\" href=\"https:\/\/www.easybox.com\/fr\/logiciel-de-facturation-mobile-facturer-en-deplacement\/\" aria-label=\"Read more about Logiciel de facturation mobile : facturer en d\u00e9placement\" tabindex=\"-1\">\n\t\t\tLire plus\t\t<\/a>\n\n\t\t\t\t\t<\/div>\n\t\t\t\t<\/div>\n\t\t\t\t<div class=\"elementor-post__meta-data\">\n\t\t\t\t\t<span class=\"elementor-post-date\">\n\t\t\td\u00e9cembre 1, 2023\t\t<\/span>\n\t\t\t\t<\/div>\n\t\t\t\t\t<\/div>\n\t\t<\/article>\n\t\t\t\t<article class=\"elementor-post elementor-grid-item post-5517 post type-post status-publish format-standard has-post-thumbnail hentry category-focus-sur-les-fonctionnalites\" role=\"listitem\">\n\t\t\t<div class=\"elementor-post__card\">\n\t\t\t\t<a class=\"elementor-post__thumbnail__link\" href=\"https:\/\/www.easybox.com\/fr\/creer-des-lots-de-produits-dans-votre-programme-de-facturation\/\" tabindex=\"-1\"><div class=\"elementor-post__thumbnail\"><img decoding=\"async\" width=\"2560\" height=\"1707\" src=\"https:\/\/www.easybox.com\/wp-content\/uploads\/2023\/11\/productbundels.jpg\" class=\"attachment-full size-full wp-image-5337\" alt=\"\" srcset=\"https:\/\/www.easybox.com\/wp-content\/uploads\/2023\/11\/productbundels.jpg 2560w, https:\/\/www.easybox.com\/wp-content\/uploads\/2023\/11\/productbundels-300x200.jpg 300w, https:\/\/www.easybox.com\/wp-content\/uploads\/2023\/11\/productbundels-1024x683.jpg 1024w, https:\/\/www.easybox.com\/wp-content\/uploads\/2023\/11\/productbundels-768x512.jpg 768w, https:\/\/www.easybox.com\/wp-content\/uploads\/2023\/11\/productbundels-1536x1024.jpg 1536w, https:\/\/www.easybox.com\/wp-content\/uploads\/2023\/11\/productbundels-2048x1366.jpg 2048w\" sizes=\"(max-width: 2560px) 100vw, 2560px\" title=\"\"><\/div><\/a>\n\t\t\t\t<div class=\"elementor-post__badge\">Focus sur les fonctionnalit\u00e9s<\/div>\n\t\t\t\t<div class=\"elementor-post__text\">\n\t\t\t\t<h3 class=\"elementor-post__title\">\n\t\t\t<a href=\"https:\/\/www.easybox.com\/fr\/creer-des-lots-de-produits-dans-votre-programme-de-facturation\/\">\n\t\t\t\tCr\u00e9er des lots de produits dans votre programme de facturation\t\t\t<\/a>\n\t\t<\/h3>\n\t\t\t\t<div class=\"elementor-post__excerpt\">\n\t\t\t<p>Cr\u00e9er des lots de produits dans votre programme de facturation Les\u00a0devis et les factures\u00a0sont essentiels au bon fonctionnement de toute\u00a0entreprise.<\/p>\n\t\t<\/div>\n\t\t\t\t\t<div class=\"elementor-post__read-more-wrapper\">\n\t\t\n\t\t<a class=\"elementor-post__read-more\" href=\"https:\/\/www.easybox.com\/fr\/creer-des-lots-de-produits-dans-votre-programme-de-facturation\/\" aria-label=\"Read more about Cr\u00e9er des lots de produits dans votre programme de facturation\" tabindex=\"-1\">\n\t\t\tLire plus\t\t<\/a>\n\n\t\t\t\t\t<\/div>\n\t\t\t\t<\/div>\n\t\t\t\t<div class=\"elementor-post__meta-data\">\n\t\t\t\t\t<span class=\"elementor-post-date\">\n\t\t\tnovembre 1, 2023\t\t<\/span>\n\t\t\t\t<\/div>\n\t\t\t\t\t<\/div>\n\t\t<\/article>\n\t\t\t\t<article class=\"elementor-post elementor-grid-item post-5513 post type-post status-publish format-standard has-post-thumbnail hentry category-focus-sur-les-fonctionnalites\" role=\"listitem\">\n\t\t\t<div class=\"elementor-post__card\">\n\t\t\t\t<a class=\"elementor-post__thumbnail__link\" href=\"https:\/\/www.easybox.com\/fr\/du-devis-a-la-facture-en-un-seul-clic\/\" tabindex=\"-1\"><div class=\"elementor-post__thumbnail\"><img decoding=\"async\" width=\"2560\" height=\"1733\" src=\"https:\/\/www.easybox.com\/wp-content\/uploads\/2023\/11\/1-click-conversion-scaled-1.jpg\" class=\"attachment-full size-full wp-image-5173\" alt=\"\" srcset=\"https:\/\/www.easybox.com\/wp-content\/uploads\/2023\/11\/1-click-conversion-scaled-1.jpg 2560w, https:\/\/www.easybox.com\/wp-content\/uploads\/2023\/11\/1-click-conversion-scaled-1-300x203.jpg 300w, https:\/\/www.easybox.com\/wp-content\/uploads\/2023\/11\/1-click-conversion-scaled-1-1024x693.jpg 1024w, https:\/\/www.easybox.com\/wp-content\/uploads\/2023\/11\/1-click-conversion-scaled-1-768x520.jpg 768w, https:\/\/www.easybox.com\/wp-content\/uploads\/2023\/11\/1-click-conversion-scaled-1-1536x1040.jpg 1536w, https:\/\/www.easybox.com\/wp-content\/uploads\/2023\/11\/1-click-conversion-scaled-1-2048x1386.jpg 2048w\" sizes=\"(max-width: 2560px) 100vw, 2560px\" title=\"\"><\/div><\/a>\n\t\t\t\t<div class=\"elementor-post__badge\">Focus sur les fonctionnalit\u00e9s<\/div>\n\t\t\t\t<div class=\"elementor-post__text\">\n\t\t\t\t<h3 class=\"elementor-post__title\">\n\t\t\t<a href=\"https:\/\/www.easybox.com\/fr\/du-devis-a-la-facture-en-un-seul-clic\/\">\n\t\t\t\tDu devis \u00e0 la facture en un seul clic\t\t\t<\/a>\n\t\t<\/h3>\n\t\t\t\t<div class=\"elementor-post__excerpt\">\n\t\t\t<p>Du devis \u00e0 la facture en un seul clic Cr\u00e9ez rapidement une facture de vente sur la base d\u2019un devis.<\/p>\n\t\t<\/div>\n\t\t\t\t\t<div class=\"elementor-post__read-more-wrapper\">\n\t\t\n\t\t<a class=\"elementor-post__read-more\" href=\"https:\/\/www.easybox.com\/fr\/du-devis-a-la-facture-en-un-seul-clic\/\" aria-label=\"Read more about Du devis \u00e0 la facture en un seul clic\" tabindex=\"-1\">\n\t\t\tLire plus\t\t<\/a>\n\n\t\t\t\t\t<\/div>\n\t\t\t\t<\/div>\n\t\t\t\t<div class=\"elementor-post__meta-data\">\n\t\t\t\t\t<span class=\"elementor-post-date\">\n\t\t\tavril 4, 2023\t\t<\/span>\n\t\t\t\t<\/div>\n\t\t\t\t\t<\/div>\n\t\t<\/article>\n\t\t\t\t<article class=\"elementor-post elementor-grid-item post-5509 post type-post status-publish format-standard has-post-thumbnail hentry category-des-affaires-plus-intelligentes\" role=\"listitem\">\n\t\t\t<div class=\"elementor-post__card\">\n\t\t\t\t<a class=\"elementor-post__thumbnail__link\" href=\"https:\/\/www.easybox.com\/fr\/envoyez-automatiquement-toutes-vos-factures-a-votre-comptable\/\" tabindex=\"-1\"><div class=\"elementor-post__thumbnail\"><img loading=\"lazy\" decoding=\"async\" width=\"1403\" height=\"1100\" src=\"https:\/\/www.easybox.com\/wp-content\/uploads\/2023\/11\/Automated-delivery-1.jpg\" class=\"attachment-full size-full wp-image-5075\" alt=\"\" srcset=\"https:\/\/www.easybox.com\/wp-content\/uploads\/2023\/11\/Automated-delivery-1.jpg 1403w, https:\/\/www.easybox.com\/wp-content\/uploads\/2023\/11\/Automated-delivery-1-300x235.jpg 300w, https:\/\/www.easybox.com\/wp-content\/uploads\/2023\/11\/Automated-delivery-1-1024x803.jpg 1024w, https:\/\/www.easybox.com\/wp-content\/uploads\/2023\/11\/Automated-delivery-1-768x602.jpg 768w\" sizes=\"(max-width: 1403px) 100vw, 1403px\" title=\"\"><\/div><\/a>\n\t\t\t\t<div class=\"elementor-post__badge\">Des affaires plus intelligentes<\/div>\n\t\t\t\t<div class=\"elementor-post__text\">\n\t\t\t\t<h3 class=\"elementor-post__title\">\n\t\t\t<a href=\"https:\/\/www.easybox.com\/fr\/envoyez-automatiquement-toutes-vos-factures-a-votre-comptable\/\">\n\t\t\t\tEnvoyez automatiquement toutes vos factures \u00e0 votre comptable\t\t\t<\/a>\n\t\t<\/h3>\n\t\t\t\t<div class=\"elementor-post__excerpt\">\n\t\t\t<p>Simplifiez votre administration : envoyez automatiquement toutes vos factures \u00e0 votre comptable La gestion de vos finances peut \u00eatre un<\/p>\n\t\t<\/div>\n\t\t\t\t\t<div class=\"elementor-post__read-more-wrapper\">\n\t\t\n\t\t<a class=\"elementor-post__read-more\" href=\"https:\/\/www.easybox.com\/fr\/envoyez-automatiquement-toutes-vos-factures-a-votre-comptable\/\" aria-label=\"Read more about Envoyez automatiquement toutes vos factures \u00e0 votre comptable\" tabindex=\"-1\">\n\t\t\tLire plus\t\t<\/a>\n\n\t\t\t\t\t<\/div>\n\t\t\t\t<\/div>\n\t\t\t\t<div class=\"elementor-post__meta-data\">\n\t\t\t\t\t<span class=\"elementor-post-date\">\n\t\t\tmars 20, 2023\t\t<\/span>\n\t\t\t\t<\/div>\n\t\t\t\t\t<\/div>\n\t\t<\/article>\n\t\t\t\t<article class=\"elementor-post elementor-grid-item post-5505 post type-post status-publish format-standard has-post-thumbnail hentry category-focus-sur-les-fonctionnalites\" role=\"listitem\">\n\t\t\t<div class=\"elementor-post__card\">\n\t\t\t\t<a class=\"elementor-post__thumbnail__link\" href=\"https:\/\/www.easybox.com\/fr\/consolidation\/\" tabindex=\"-1\"><div class=\"elementor-post__thumbnail\"><img loading=\"lazy\" decoding=\"async\" width=\"2600\" height=\"2000\" src=\"https:\/\/www.easybox.com\/wp-content\/uploads\/2023\/11\/Auto-consolidation-final.png\" class=\"attachment-full size-full wp-image-4998\" alt=\"\" srcset=\"https:\/\/www.easybox.com\/wp-content\/uploads\/2023\/11\/Auto-consolidation-final.png 2600w, https:\/\/www.easybox.com\/wp-content\/uploads\/2023\/11\/Auto-consolidation-final-300x231.png 300w, https:\/\/www.easybox.com\/wp-content\/uploads\/2023\/11\/Auto-consolidation-final-1024x788.png 1024w, https:\/\/www.easybox.com\/wp-content\/uploads\/2023\/11\/Auto-consolidation-final-768x591.png 768w, https:\/\/www.easybox.com\/wp-content\/uploads\/2023\/11\/Auto-consolidation-final-1536x1182.png 1536w, https:\/\/www.easybox.com\/wp-content\/uploads\/2023\/11\/Auto-consolidation-final-2048x1575.png 2048w\" sizes=\"(max-width: 2600px) 100vw, 2600px\" title=\"\"><\/div><\/a>\n\t\t\t\t<div class=\"elementor-post__badge\">Focus sur les fonctionnalit\u00e9s<\/div>\n\t\t\t\t<div class=\"elementor-post__text\">\n\t\t\t\t<h3 class=\"elementor-post__title\">\n\t\t\t<a href=\"https:\/\/www.easybox.com\/fr\/consolidation\/\">\n\t\t\t\tConsolidation\t\t\t<\/a>\n\t\t<\/h3>\n\t\t\t\t<div class=\"elementor-post__excerpt\">\n\t\t\t<p>V\u00e9rifier facilement si les factures ont \u00e9t\u00e9 pay\u00e9es correctement Consolidation des factures : suivi efficace des paiements sortants et entrants<\/p>\n\t\t<\/div>\n\t\t\t\t\t<div class=\"elementor-post__read-more-wrapper\">\n\t\t\n\t\t<a class=\"elementor-post__read-more\" href=\"https:\/\/www.easybox.com\/fr\/consolidation\/\" aria-label=\"Read more about Consolidation\" tabindex=\"-1\">\n\t\t\tLire plus\t\t<\/a>\n\n\t\t\t\t\t<\/div>\n\t\t\t\t<\/div>\n\t\t\t\t<div class=\"elementor-post__meta-data\">\n\t\t\t\t\t<span class=\"elementor-post-date\">\n\t\t\tmars 13, 2023\t\t<\/span>\n\t\t\t\t<\/div>\n\t\t\t\t\t<\/div>\n\t\t<\/article>\n\t\t\t\t<article class=\"elementor-post elementor-grid-item post-5501 post type-post status-publish format-standard has-post-thumbnail hentry category-focus-sur-les-fonctionnalites\" role=\"listitem\">\n\t\t\t<div class=\"elementor-post__card\">\n\t\t\t\t<a class=\"elementor-post__thumbnail__link\" href=\"https:\/\/www.easybox.com\/fr\/factures-davance\/\" tabindex=\"-1\"><div class=\"elementor-post__thumbnail\"><img loading=\"lazy\" decoding=\"async\" width=\"1920\" height=\"1200\" src=\"https:\/\/www.easybox.com\/wp-content\/uploads\/2023\/11\/Easybox-sui-simple-advance-invoices1-\u2013-2.png\" class=\"attachment-full size-full wp-image-4918\" alt=\"\" srcset=\"https:\/\/www.easybox.com\/wp-content\/uploads\/2023\/11\/Easybox-sui-simple-advance-invoices1-\u2013-2.png 1920w, https:\/\/www.easybox.com\/wp-content\/uploads\/2023\/11\/Easybox-sui-simple-advance-invoices1-\u2013-2-300x188.png 300w, https:\/\/www.easybox.com\/wp-content\/uploads\/2023\/11\/Easybox-sui-simple-advance-invoices1-\u2013-2-1024x640.png 1024w, https:\/\/www.easybox.com\/wp-content\/uploads\/2023\/11\/Easybox-sui-simple-advance-invoices1-\u2013-2-768x480.png 768w, https:\/\/www.easybox.com\/wp-content\/uploads\/2023\/11\/Easybox-sui-simple-advance-invoices1-\u2013-2-1536x960.png 1536w\" sizes=\"(max-width: 1920px) 100vw, 1920px\" title=\"\"><\/div><\/a>\n\t\t\t\t<div class=\"elementor-post__badge\">Focus sur les fonctionnalit\u00e9s<\/div>\n\t\t\t\t<div class=\"elementor-post__text\">\n\t\t\t\t<h3 class=\"elementor-post__title\">\n\t\t\t<a href=\"https:\/\/www.easybox.com\/fr\/factures-davance\/\">\n\t\t\t\tFactures d&rsquo;avance\t\t\t<\/a>\n\t\t<\/h3>\n\t\t\t\t<div class=\"elementor-post__excerpt\">\n\t\t\t<p>Recevez facilement des avances pour vos projets ! Faites une offre et envoyer une facture anticip\u00e9e. Recevez plus rapidement les<\/p>\n\t\t<\/div>\n\t\t\t\t\t<div class=\"elementor-post__read-more-wrapper\">\n\t\t\n\t\t<a class=\"elementor-post__read-more\" href=\"https:\/\/www.easybox.com\/fr\/factures-davance\/\" aria-label=\"Read more about Factures d&rsquo;avance\" tabindex=\"-1\">\n\t\t\tLire plus\t\t<\/a>\n\n\t\t\t\t\t<\/div>\n\t\t\t\t<\/div>\n\t\t\t\t<div class=\"elementor-post__meta-data\">\n\t\t\t\t\t<span class=\"elementor-post-date\">\n\t\t\tf\u00e9vrier 13, 2023\t\t<\/span>\n\t\t\t\t<\/div>\n\t\t\t\t\t<\/div>\n\t\t<\/article>\n\t\t\t\t<\/div>\n\t\t\t\t\t<span class=\"e-load-more-spinner\">\n\t\t\t\t<i aria-hidden=\"true\" class=\"fas fa-spinner\"><\/i>\t\t\t<\/span>\n\t\t\n\t\t\t\t<div class=\"e-load-more-anchor\" data-page=\"1\" data-max-page=\"3\" data-next-page=\"https:\/\/www.easybox.com\/fr\/wp-json\/wp\/v2\/pages\/2770\/page\/2\/\"><\/div>\n\t\t\t\t<div class=\"e-load-more-message\"><\/div>\n\t\t\t\t\t\t<\/div>\n\t\t\t\t<\/div>\n\t\t\t\t\t<\/div>\n\t\t<\/div>\n\t\t\t\t\t<\/div>\n\t\t<\/section>\n\t\t\t\t<\/div>\n\t\t","protected":false},"excerpt":{"rendered":"<p>Blog Cat\u00e9gories Categorie filter All Functie Focus Slimmer ondernemen Meilleurs articles Mobiele facturatiesoftware: onderweg factureren December 1, 2023 De voordelen van live prijsbepaling voor offertes November 15, 2023 Productbundels aanmaken in uw facturatieprogramma November 1, 2023 In \u00e9\u00e9n klik van offerte naar factuur April 4, 2023 Stuur al je facturen automatisch naar jouw boekhouder March [&hellip;]<\/p>\n","protected":false},"author":1,"featured_media":0,"parent":0,"menu_order":0,"comment_status":"closed","ping_status":"closed","template":"elementor_header_footer","meta":{"footnotes":""},"class_list":["post-2770","page","type-page","status-publish","hentry"],"_links":{"self":[{"href":"https:\/\/www.easybox.com\/fr\/wp-json\/wp\/v2\/pages\/2770","targetHints":{"allow":["GET"]}}],"collection":[{"href":"https:\/\/www.easybox.com\/fr\/wp-json\/wp\/v2\/pages"}],"about":[{"href":"https:\/\/www.easybox.com\/fr\/wp-json\/wp\/v2\/types\/page"}],"author":[{"embeddable":true,"href":"https:\/\/www.easybox.com\/fr\/wp-json\/wp\/v2\/users\/1"}],"replies":[{"embeddable":true,"href":"https:\/\/www.easybox.com\/fr\/wp-json\/wp\/v2\/comments?post=2770"}],"version-history":[{"count":3,"href":"https:\/\/www.easybox.com\/fr\/wp-json\/wp\/v2\/pages\/2770\/revisions"}],"predecessor-version":[{"id":5780,"href":"https:\/\/www.easybox.com\/fr\/wp-json\/wp\/v2\/pages\/2770\/revisions\/5780"}],"wp:attachment":[{"href":"https:\/\/www.easybox.com\/fr\/wp-json\/wp\/v2\/media?parent=2770"}],"curies":[{"name":"wp","href":"https:\/\/api.w.org\/{rel}","templated":true}]}}